{"id":67,"date":"2023-11-15T12:00:42","date_gmt":"2023-11-15T11:00:42","guid":{"rendered":"https:\/\/wartarozancowa.pl\/?page_id=67"},"modified":"2023-11-15T12:00:43","modified_gmt":"2023-11-15T11:00:43","slug":"gietrzwald","status":"publish","type":"page","link":"https:\/\/wartarozancowa.pl\/?page_id=67","title":{"rendered":"Gietrzwa\u0142d"},"content":{"rendered":"<!-- wp:themify-builder\/canvas \/-->","protected":false},"excerpt":{"rendered":"","protected":false},"author":1,"featured_media":0,"parent":0,"menu_order":0,"comment_status":"closed","ping_status":"closed","template":"","meta":{"site-sidebar-layout":"default","site-content-layout":"","ast-site-content-layout":"","site-content-style":"default","site-sidebar-style":"default","ast-global-header-display":"","ast-banner-title-visibility":"","ast-main-header-display":"","ast-hfb-above-header-display":"","ast-hfb-below-header-display":"","ast-hfb-mobile-header-display":"","site-post-title":"","ast-breadcrumbs-content":"","ast-featured-img":"","footer-sml-layout":"","theme-transparent-header-meta":"","adv-header-id-meta":"","stick-header-meta":"","header-above-stick-meta":"","header-main-stick-meta":"","header-below-stick-meta":"","astra-migrate-meta-layouts":"","ast-page-background-enabled":"default","ast-page-background-meta":{"desktop":{"background-color":"var(--ast-global-color-4)","background-image":"","background-repeat":"repeat","background-position":"center center","background-size":"auto","background-attachment":"scroll","background-type":"","background-media":"","overlay-type":"","overlay-color":"","overlay-gradient":""},"tablet":{"background-color":"","background-image":"","background-repeat":"repeat","background-position":"center center","background-size":"auto","background-attachment":"scroll","background-type":"","background-media":"","overlay-type":"","overlay-color":"","overlay-gradient":""},"mobile":{"background-color":"","background-image":"","background-repeat":"repeat","background-position":"center center","background-size":"auto","background-attachment":"scroll","background-type":"","background-media":"","overlay-type":"","overlay-color":"","overlay-gradient":""}},"ast-content-background-meta":{"desktop":{"background-color":"var(--ast-global-color-5)","background-image":"","background-repeat":"repeat","background-position":"center center","background-size":"auto","background-attachment":"scroll","background-type":"","background-media":"","overlay-type":"","overlay-color":"","overlay-gradient":""},"tablet":{"background-color":"var(--ast-global-color-5)","background-image":"","background-repeat":"repeat","background-position":"center center","background-size":"auto","background-attachment":"scroll","background-type":"","background-media":"","overlay-type":"","overlay-color":"","overlay-gradient":""},"mobile":{"background-color":"var(--ast-global-color-5)","background-image":"","background-repeat":"repeat","background-position":"center center","background-size":"auto","background-attachment":"scroll","background-type":"","background-media":"","overlay-type":"","overlay-color":"","overlay-gradient":""}},"footnotes":""},"class_list":["post-67","page","type-page","status-publish","hentry"],"builder_content":"<p style=\"padding: 0px; margin: 12px 0px 0px; user-select: text; word-break: break-word; font-size: 14px; line-height: var(--cib-type-body2-line-height); font-weight: 400; font-variation-settings: var(--cib-type-body2-font-variation-settings); color: #111111; font-family: -apple-system, Roboto, SegoeUI, 'Segoe UI', 'Helvetica Neue', Helvetica, 'Microsoft YaHei', 'Meiryo UI', Meiryo, 'Arial Unicode MS', sans-serif; font-style: normal; font-variant-ligatures: normal; font-variant-caps: normal; letter-spacing: normal; text-align: left; text-indent: 0px; text-transform: none; word-spacing: 0px; -webkit-text-stroke-width: 0px; white-space: normal; background-color: rgba(255, 255, 255, 0.7);\">Gietrzwa\u0142d, niewielka wie\u015b na Warmii w p\u00f3\u0142nocnej Polsce, jest miejscem o niezwyk\u0142ej historii i duchowej mocy. To tutaj, mi\u0119dzy 27 czerwca, a 16 wrze\u015bnia 1877 roku, mia\u0142y miejsce jedyne w Polsce objawienia Naj\u015bwi\u0119tszej Marji Panny, uznane przez Ko\u015bci\u00f3\u0142 katolicki za autentyczne.<\/p><p style=\"padding: 0px; margin: 12px 0px 0px; user-select: text; word-break: break-word; font-size: 14px; line-height: var(--cib-type-body2-line-height); font-weight: 400; font-variation-settings: var(--cib-type-body2-font-variation-settings); color: #111111; font-family: -apple-system, Roboto, SegoeUI, 'Segoe UI', 'Helvetica Neue', Helvetica, 'Microsoft YaHei', 'Meiryo UI', Meiryo, 'Arial Unicode MS', sans-serif; font-style: normal; font-variant-ligatures: normal; font-variant-caps: normal; letter-spacing: normal; orphans: 2; text-align: left; text-indent: 0px; text-transform: none; widows: 2; word-spacing: 0px; -webkit-text-stroke-width: 0px; white-space: normal; background-color: rgba(255, 255, 255, 0.7); text-decoration-thickness: initial; text-decoration-style: initial; text-decoration-color: initial;\">Dwie m\u0142ode dziewczynki, trzynastoletnia Justyna Szafry\u0144ska i dwunastoletnia Barbara Samulowska, do\u015bwiadczy\u0142y serii objawie\u0144 Matki Bo\u017cej rozmawiaj\u0105cej z nimi po polsku. Objawienia te mia\u0142y miejsce na przyko\u015bcielnym klonie.<\/p><p style=\"padding: 0px; margin: 12px 0px 0px; user-select: text; word-break: break-word; font-size: 14px; line-height: var(--cib-type-body2-line-height); font-weight: 400; font-variation-settings: var(--cib-type-body2-font-variation-settings); color: #111111; font-family: -apple-system, Roboto, SegoeUI, 'Segoe UI', 'Helvetica Neue', Helvetica, 'Microsoft YaHei', 'Meiryo UI', Meiryo, 'Arial Unicode MS', sans-serif; font-style: normal; font-variant-ligatures: normal; font-variant-caps: normal; letter-spacing: normal; orphans: 2; text-align: left; text-indent: 0px; text-transform: none; widows: 2; word-spacing: 0px; -webkit-text-stroke-width: 0px; white-space: normal; background-color: rgba(255, 255, 255, 0.7); text-decoration-thickness: initial; text-decoration-style: initial; text-decoration-color: initial;\">Podczas tych objawie\u0144, Matka Bo\u017ca przekaza\u0142a wa\u017cne przes\u0142ania. Na pytanie: \u201eCzego \u017c\u0105dasz, Matko Bo\u017ca?\u201d, odpowiedzia\u0142a: \u201e\u017bycz\u0119 sobie, aby\u015bcie codziennie odmawiali r\u00f3\u017caniec!\u201d. Ta prosta, ale pot\u0119\u017cna wiadomo\u015b\u0107 podkre\u015bla znaczenie modlitwy r\u00f3\u017ca\u0144cowej w \u017cyciu katolickim.<\/p><p style=\"padding: 0px; margin: 12px 0px 0px; user-select: text; word-break: break-word; font-size: 14px; line-height: var(--cib-type-body2-line-height); font-weight: 400; font-variation-settings: var(--cib-type-body2-font-variation-settings); color: #111111; font-family: -apple-system, Roboto, SegoeUI, 'Segoe UI', 'Helvetica Neue', Helvetica, 'Microsoft YaHei', 'Meiryo UI', Meiryo, 'Arial Unicode MS', sans-serif; font-style: normal; font-variant-ligatures: normal; font-variant-caps: normal; letter-spacing: normal; orphans: 2; text-align: left; text-indent: 0px; text-transform: none; widows: 2; word-spacing: 0px; -webkit-text-stroke-width: 0px; white-space: normal; background-color: rgba(255, 255, 255, 0.7); text-decoration-thickness: initial; text-decoration-style: initial; text-decoration-color: initial;\">Gietrzwa\u0142d to miejsce, kt\u00f3re zas\u0142uguje na odwiedziny nie tylko ze wzgl\u0119du na swoj\u0105 duchow\u0105 warto\u015b\u0107, ale tak\u017ce ze wzgl\u0119du na pi\u0119kno i spok\u00f3j, kt\u00f3re oferuje. Mo\u017cna tu do\u015bwiadczy\u0107 g\u0142\u0119bokiego poczucia pokoju i zadumy, spaceruj\u0105c po malowniczych \u015bcie\u017ckach i ciesz\u0105c si\u0119 pi\u0119knem natury.<\/p><p style=\"padding: 0px; margin: 12px 0px 0px; user-select: text; word-break: break-word; font-size: 14px; line-height: var(--cib-type-body2-line-height); font-weight: 400; font-variation-settings: var(--cib-type-body2-font-variation-settings); color: #111111; font-family: -apple-system, Roboto, SegoeUI, 'Segoe UI', 'Helvetica Neue', Helvetica, 'Microsoft YaHei', 'Meiryo UI', Meiryo, 'Arial Unicode MS', sans-serif; font-style: normal; font-variant-ligatures: normal; font-variant-caps: normal; letter-spacing: normal; orphans: 2; text-align: left; text-indent: 0px; text-transform: none; widows: 2; word-spacing: 0px; -webkit-text-stroke-width: 0px; white-space: normal; background-color: rgba(255, 255, 255, 0.7); text-decoration-thickness: initial; text-decoration-style: initial; text-decoration-color: initial;\">Je\u015bli chcesz odwiedzi\u0107 Gietrzwa\u0142d, adres to: Urz\u0105d Gminy w Gietrzwa\u0142dzie, ul. Olszty\u0144ska 2, 11-036 Gietrzwa\u0142d. Mo\u017cesz skontaktowa\u0107 si\u0119 z Urz\u0119dem Gminy pod numerem telefonu: (89) 524-19-00.<\/p><p style=\"padding: 0px; margin: 12px 0px 0px; user-select: text; word-break: break-word; font-size: 14px; line-height: var(--cib-type-body2-line-height); font-weight: 400; font-variation-settings: var(--cib-type-body2-font-variation-settings); color: #111111; font-family: -apple-system, Roboto, SegoeUI, 'Segoe UI', 'Helvetica Neue', Helvetica, 'Microsoft YaHei', 'Meiryo UI', Meiryo, 'Arial Unicode MS', sans-serif; font-style: normal; font-variant-ligatures: normal; font-variant-caps: normal; letter-spacing: normal; orphans: 2; text-align: left; text-indent: 0px; text-transform: none; widows: 2; word-spacing: 0px; -webkit-text-stroke-width: 0px; white-space: normal; background-color: rgba(255, 255, 255, 0.7); text-decoration-thickness: initial; text-decoration-style: initial; text-decoration-color: initial;\">Zapraszamy do odwiedzenia Gietrzwa\u0142du, miejsca o niezwyk\u0142ej historii i duchowej mocy. Poznaj histori\u0119 objawie\u0144, zanurz si\u0119 w spokoju tego miejsca i do\u015bwiadcz duchowego bogactwa, kt\u00f3re oferuje. Gietrzwa\u0142d czeka na Ciebie!<\/p>\n<h3><\/h3><iframe frameborder=\"0\" scrolling=\"no\" marginheight=\"0\" marginwidth=\"0\" src=\"https:\/\/maps.google.com\/maps?q=Gietrzwa%C5%82d&amp;t=m&amp;z=8&amp;output=embed&amp;iwloc=near\"><\/iframe>","_links":{"self":[{"href":"https:\/\/wartarozancowa.pl\/index.php?rest_route=\/wp\/v2\/pages\/67","targetHints":{"allow":["GET"]}}],"collection":[{"href":"https:\/\/wartarozancowa.pl\/index.php?rest_route=\/wp\/v2\/pages"}],"about":[{"href":"https:\/\/wartarozancowa.pl\/index.php?rest_route=\/wp\/v2\/types\/page"}],"author":[{"embeddable":true,"href":"https:\/\/wartarozancowa.pl\/index.php?rest_route=\/wp\/v2\/users\/1"}],"replies":[{"embeddable":true,"href":"https:\/\/wartarozancowa.pl\/index.php?rest_route=%2Fwp%2Fv2%2Fcomments&post=67"}],"version-history":[{"count":2,"href":"https:\/\/wartarozancowa.pl\/index.php?rest_route=\/wp\/v2\/pages\/67\/revisions"}],"predecessor-version":[{"id":76,"href":"https:\/\/wartarozancowa.pl\/index.php?rest_route=\/wp\/v2\/pages\/67\/revisions\/76"}],"wp:attachment":[{"href":"https:\/\/wartarozancowa.pl\/index.php?rest_route=%2Fwp%2Fv2%2Fmedia&parent=67"}],"curies":[{"name":"wp","href":"https:\/\/api.w.org\/{rel}","templated":true}]}}