{"id":2,"date":"2023-11-04T10:17:17","date_gmt":"2023-11-04T09:17:17","guid":{"rendered":"https:\/\/wartarozancowa.pl\/?page_id=2"},"modified":"2024-08-30T13:13:57","modified_gmt":"2024-08-30T11:13:57","slug":"przykladowa-strona","status":"publish","type":"page","link":"https:\/\/wartarozancowa.pl\/","title":{"rendered":"O Warcie"},"content":{"rendered":"<!-- wp:themify-builder\/canvas \/-->\n\n\n<p><\/p>\n","protected":false},"excerpt":{"rendered":"","protected":false},"author":1,"featured_media":0,"parent":0,"menu_order":0,"comment_status":"closed","ping_status":"open","template":"","meta":{"site-sidebar-layout":"default","site-content-layout":"","ast-site-content-layout":"","site-content-style":"default","site-sidebar-style":"default","ast-global-header-display":"","ast-banner-title-visibility":"","ast-main-header-display":"","ast-hfb-above-header-display":"","ast-hfb-below-header-display":"","ast-hfb-mobile-header-display":"","site-post-title":"","ast-breadcrumbs-content":"","ast-featured-img":"","footer-sml-layout":"","theme-transparent-header-meta":"","adv-header-id-meta":"","stick-header-meta":"","header-above-stick-meta":"","header-main-stick-meta":"","header-below-stick-meta":"","astra-migrate-meta-layouts":"","ast-page-background-enabled":"default","ast-page-background-meta":{"desktop":{"background-color":"var(--ast-global-color-4)","background-image":"","background-repeat":"repeat","background-position":"center center","background-size":"auto","background-attachment":"scroll","background-type":"","background-media":"","overlay-type":"","overlay-color":"","overlay-gradient":""},"tablet":{"background-color":"","background-image":"","background-repeat":"repeat","background-position":"center center","background-size":"auto","background-attachment":"scroll","background-type":"","background-media":"","overlay-type":"","overlay-color":"","overlay-gradient":""},"mobile":{"background-color":"","background-image":"","background-repeat":"repeat","background-position":"center center","background-size":"auto","background-attachment":"scroll","background-type":"","background-media":"","overlay-type":"","overlay-color":"","overlay-gradient":""}},"ast-content-background-meta":{"desktop":{"background-color":"var(--ast-global-color-5)","background-image":"","background-repeat":"repeat","background-position":"center center","background-size":"auto","background-attachment":"scroll","background-type":"","background-media":"","overlay-type":"","overlay-color":"","overlay-gradient":""},"tablet":{"background-color":"var(--ast-global-color-5)","background-image":"","background-repeat":"repeat","background-position":"center center","background-size":"auto","background-attachment":"scroll","background-type":"","background-media":"","overlay-type":"","overlay-color":"","overlay-gradient":""},"mobile":{"background-color":"var(--ast-global-color-5)","background-image":"","background-repeat":"repeat","background-position":"center center","background-size":"auto","background-attachment":"scroll","background-type":"","background-media":"","overlay-type":"","overlay-color":"","overlay-gradient":""}},"footnotes":""},"class_list":["post-2","page","type-page","status-publish","hentry"],"builder_content":"<img src=\"https:\/\/wartarozancowa.pl\/wp-content\/uploads\/2023\/11\/liner.png\" title=\"liner\" alt=\"liner\">\n<h1>Bogarodzico, Kr\u00f3lowo Ludu Polskiego,<br\/> natchnij serca Twoich s\u0142ug pragnieniem udzia\u0142u w Warcie R\u00f3\u017ca\u0144cowej przed Twoim Gietrzwa\u0142dzkim Tronem, aby\u015b tu nigdy nie by\u0142a sama.<\/h1>\n<img src=\"https:\/\/wartarozancowa.pl\/wp-content\/uploads\/2023\/11\/liner.png\" title=\"liner\" alt=\"liner\">\n<h2 style=\"text-align: center;\">Wype\u0142nijmy pro\u015bb\u0119 Matki Bo\u017cej <br>o nieustaj\u0105c\u0105 modlitw\u0119 r\u00f3\u017ca\u0144cow\u0105.<br>Ukl\u0119knijmy przed Kapliczk\u0105 Objawie\u0144<br>w Gietrzwa\u0142dzie.<\/h2>\n<img src=\"https:\/\/wartarozancowa.pl\/wp-content\/uploads\/2023\/11\/liner.png\" title=\"liner\" alt=\"liner\">\n<p>Ju\u017c 30 czerwca AD 1877, w czwartym dniu gietrzwa\u0142dzkich objawie\u0144 Naj\u015bwi\u0119tsza Maria Panna zapytana przez dwie wizjonerki, 13-letni\u0105 Justyn\u0119 Szafry\u0144sk\u0105 i 12-letni\u0105 Barbar\u0119 Samulowsk\u0105, czego \u017c\u0105da od wiernych, odpowiedzia\u0142a:<\/p> <h3>\u201e\u017bycz\u0119 sobie, aby\u015bcie codziennie odmawiali r\u00f3\u017caniec\u201d.<\/h3> <p>To \u017c\u0105danie powtarza si\u0119 wielokrotnie i w r\u00f3\u017cnej formie a\u017c do ostatniego dnia objawie\u0144, tj. 16 wrze\u015bnia AD 1877. Nic dziwnego, \u017ce r\u00f3\u017ca\u0144cowe apele Kr\u00f3lowej Polski podkre\u015blane s\u0105 najcz\u0119\u015bciej i najmocniej przez wielu duchownych nawi\u0105zuj\u0105cych do objawie\u0144 w Gietrzwa\u0142dzie.<br>Najbardziej znany spo\u015br\u00f3d nich, b\u0142. ojciec Honorat Ko\u017ami\u0144ski (1829-1916) w swoim r\u0119kopisie pisze wprost: \u201eGdyby Nar\u00f3d Polski podj\u0105\u0142 nieustann\u0105 modlitw\u0119 r\u00f3\u017ca\u0144cow\u0105 na tej \u015bwi\u0119tej ziemi, kt\u00f3r\u0105 Jej \u015bwi\u0119ta stopa dotkn\u0119\u0142a, to nigdy wi\u0119cej nie musieliby\u015bmy walczy\u0107 o wolno\u015b\u0107 \u2013 Nasza Kr\u00f3lowa ju\u017c o to zadba!\u201d, a w innym miejscu nawo\u0142uje: \u201eObud\u017a si\u0119 ludu Lechicki, bogobojny i religijny (\u2026) by\u0142e\u015b niegdy\u015b przedmurzem Chrze\u015bcija\u0144stwa, o kt\u00f3re na pr\u00f3\u017cno szczerbi\u0142y si\u0119 miecze poga\u0144skie, dzi\u015b masz by\u0107 przedmurzem jego duchowym...\u201d<\/p> <p>Bardziej nam wsp\u00f3\u0142czesny biskup Zbigniew J. Kraszewski (1922\u20132004) w swoim kazaniu podkre\u015bli\u0142: \u201eNigdzie indziej na \u015bwiecie tak Matka Bo\u017ca nie zwi\u0105za\u0142a swojego \u017c\u0105dania odmawiania R\u00f3\u017ca\u0144ca \u015awi\u0119tego z miejscem, jak tu! Tu powinien rozlega\u0107 si\u0119 ustawicznie R\u00f3\u017caniec!\u201d.<br>Zatem pragniemy przypomnie\u0107 naszym Siostrom i Braciom z krwi i j\u0119zyka; stawcie si\u0119 przed Tron Niebieskiej Kr\u00f3lowej i podejmijcie tam, u Jej St\u00f3p, nieustaj\u0105c\u0105 Wart\u0119 R\u00f3\u017ca\u0144cow\u0105. Gdyby na ten apel odpowiedzia\u0142y wszystkie parafie w Polsce to ka\u017cda z nich obejmowa\u0142aby 24-godzinn\u0105 Wart\u0119 raz na ponad 25 lat. Raz na \u0107wier\u0107wiecze \u2013 czy to du\u017cy wysi\u0142ek?<\/p> <p>Widzimy dooko\u0142a jak Nar\u00f3d upada pod ci\u0119\u017carami ponad nasze si\u0142y, a przecie\u017c na ka\u017cd\u0105 zg\u0142aszan\u0105 bol\u0105czk\u0119 Bogarodzica w Gietrzwa\u0142dzie odpowiada\u0142a: \u201eM\u00f3dlcie si\u0119 na R\u00f3\u017ca\u0144cu\u201d. Wtedy Matka Bo\u017ca b\u0119dzie mog\u0142a przyj\u015b\u0107 nam w ka\u017cdej potrzebie z pomoc\u0105.<\/p> <p>Gdy nasza niebia\u0144ska Kr\u00f3lowa zobaczy rzesze swoich poddanych przed Tronem w Gietrzwa\u0142dzie, w\u00f3wczas wszystko mo\u017ce sta\u0107 si\u0119 proste oraz wype\u0142nione opiek\u0105 i mi\u0142o\u015bci\u0105 z woli Boga w Tr\u00f3jcy Jedynego!<br>Nie zwlekajmy zatem Siostry i Bracia. Nie zwlekajmy, bo czasu nikt nie ma za wiele!<\/p>\n<img src=\"https:\/\/wartarozancowa.pl\/wp-content\/uploads\/2023\/11\/liner.png\" title=\"liner\" alt=\"liner\">","_links":{"self":[{"href":"https:\/\/wartarozancowa.pl\/index.php?rest_route=\/wp\/v2\/pages\/2","targetHints":{"allow":["GET"]}}],"collection":[{"href":"https:\/\/wartarozancowa.pl\/index.php?rest_route=\/wp\/v2\/pages"}],"about":[{"href":"https:\/\/wartarozancowa.pl\/index.php?rest_route=\/wp\/v2\/types\/page"}],"author":[{"embeddable":true,"href":"https:\/\/wartarozancowa.pl\/index.php?rest_route=\/wp\/v2\/users\/1"}],"replies":[{"embeddable":true,"href":"https:\/\/wartarozancowa.pl\/index.php?rest_route=%2Fwp%2Fv2%2Fcomments&post=2"}],"version-history":[{"count":41,"href":"https:\/\/wartarozancowa.pl\/index.php?rest_route=\/wp\/v2\/pages\/2\/revisions"}],"predecessor-version":[{"id":84,"href":"https:\/\/wartarozancowa.pl\/index.php?rest_route=\/wp\/v2\/pages\/2\/revisions\/84"}],"wp:attachment":[{"href":"https:\/\/wartarozancowa.pl\/index.php?rest_route=%2Fwp%2Fv2%2Fmedia&parent=2"}],"curies":[{"name":"wp","href":"https:\/\/api.w.org\/{rel}","templated":true}]}}